{"id":6,"date":"2021-06-24T20:27:22","date_gmt":"2021-06-24T23:27:22","guid":{"rendered":"http:\/\/localhost\/sispred\/?page_id=6"},"modified":"2022-05-31T14:32:21","modified_gmt":"2022-05-31T17:32:21","slug":"home","status":"publish","type":"page","link":"https:\/\/www.sispred.com.br\/sitenovo\/","title":{"rendered":"Home"},"content":{"rendered":"\n<h1 class=\"wp-block-heading\"><strong>Sistema de <br>Manuten\u00e7\u00e3o Predial<\/strong><\/h1>\n\n\n\n<h2 class=\"wp-block-heading\">Organiza\u00e7\u00e3o e controle da sua manuten\u00e7\u00e3o<\/h2>\n","protected":false},"excerpt":{"rendered":"<p>Sistema de Manuten\u00e7\u00e3o Predial Organiza\u00e7\u00e3o e controle da sua manuten\u00e7\u00e3o<\/p>\n","protected":false},"author":1,"featured_media":0,"parent":0,"menu_order":0,"comment_status":"closed","ping_status":"closed","template":"landing-page.php","meta":{"footnotes":""},"class_list":["post-6","page","type-page","status-publish","hentry"],"_links":{"self":[{"href":"https:\/\/www.sispred.com.br\/sitenovo\/wp-json\/wp\/v2\/pages\/6","targetHints":{"allow":["GET"]}}],"collection":[{"href":"https:\/\/www.sispred.com.br\/sitenovo\/wp-json\/wp\/v2\/pages"}],"about":[{"href":"https:\/\/www.sispred.com.br\/sitenovo\/wp-json\/wp\/v2\/types\/page"}],"author":[{"embeddable":true,"href":"https:\/\/www.sispred.com.br\/sitenovo\/wp-json\/wp\/v2\/users\/1"}],"replies":[{"embeddable":true,"href":"https:\/\/www.sispred.com.br\/sitenovo\/wp-json\/wp\/v2\/comments?post=6"}],"version-history":[{"count":36,"href":"https:\/\/www.sispred.com.br\/sitenovo\/wp-json\/wp\/v2\/pages\/6\/revisions"}],"predecessor-version":[{"id":180,"href":"https:\/\/www.sispred.com.br\/sitenovo\/wp-json\/wp\/v2\/pages\/6\/revisions\/180"}],"wp:attachment":[{"href":"https:\/\/www.sispred.com.br\/sitenovo\/wp-json\/wp\/v2\/media?parent=6"}],"curies":[{"name":"wp","href":"https:\/\/api.w.org\/{rel}","templated":true}]}}